{"id":169,"date":"2022-01-21T15:23:26","date_gmt":"2022-01-21T15:23:26","guid":{"rendered":"https:\/\/guatemalacoffee.it\/?page_id=169"},"modified":"2022-01-21T15:23:26","modified_gmt":"2022-01-21T15:23:26","slug":"privacy-policy-2","status":"publish","type":"page","link":"https:\/\/guatemalacoffee.it\/index.php\/privacy-policy-2\/","title":{"rendered":"Privacy Policy"},"content":{"rendered":"<p><strong>Informativa per il trattamento dei dati personali ex. Art 13 &#8211; D. Lgs. N.196\/2003 del 30 Giugno 2003<\/strong>\n<\/p>\n<p align=\"justify\">&nbsp;<\/p>\n<p align=\"justify\"> Per l\u2019instaurazione e l\u2019esecuzione dei rapporti contrattuali con i propri clienti, la seguente societ\u00e0 viene in possesso di dati anagrafici, fiscali ed inerenti l\u2019oggetto sociale\/aziendale relativo, acquisiti anche verbalmente, direttamente o tramite terzi. Ai sensi del D. Lgs. N.196\/2003 del 30 Giugno 2003 \u201cCodice in materia di protezione dei dati personali\u201d ed in relazione ai dati personali che intendiamo trattare secondo principi di correttezza, liceit\u00e0, trasparenza e di tutela della riservatezza e dei diritti, Vi informiamo di quanto a seguito.  <\/p>\n<p align=\"justify\">&nbsp;<\/p>\n<p align=\"justify\" class=\"Stile2 rightTxt\"><strong>Titolare e responsabile<\/strong><\/p>\n<p align=\"justify\">Titolare e responsabile del trattamento dei dati personali \u00e8 il rappresentante legale domiciliato per la funzione presso la societ\u00e0 stessa.<\/p>\n<p align=\"justify\">&nbsp;<\/p>\n<p align=\"justify\" class=\"Stile2 rightTxt\"><strong>Finalit\u00e0 del trattamento<\/strong><\/p>\n<p align=\"justify\">I dati personali sono trattati nell\u2019ambito della normale attivit\u00e0 del titolare e secondo finalit\u00e0 strettamente connesse e strumentali alla gestione del rapporto intercorrente in ogni fase (pre-contrattuale, contrattuale, contenzioso, ecc.), ai derivanti obblighi contrattuali e di aggiornamento dei servizi offerti, agli adempimenti imposti dalla legge, dai regolamenti e<br>\n  dalla normativa comunitaria.  <\/p>\n<p align=\"justify\">&nbsp;<\/p>\n<p align=\"justify\" class=\"Stile2 rightTxt\"><strong>Natura del conferimento<\/strong><\/p>\n<p align=\"justify\">Il conferimento dei dati stessi \u00e8 obbligatorio per tutto quanto \u00e8 richiesto dagli obblighi legali e contrattuali e pertanto l\u2019eventuale rifiuto a fornirli o al successivo trattamento potr\u00e0 determinare l\u2019impossibilit\u00e0 di dar corso ai rapporti contrattuali medesimi. Il mancato conferimento di dati che non siano riconducibili a obblighi legali o contrattuali verr\u00e0 valutato di volta in volta e determiner\u00e0 le conseguenti decisioni rapportate all\u2019importanza dei dati richiesti rispetto alla gestione del rapporto.  <\/p>\n<p align=\"justify\">&nbsp;<\/p>\n<p align=\"justify\" class=\"Stile2 rightTxt\"><strong>Modalit\u00e0 del trattamento<\/strong><\/p>\n<p align=\"justify\">Il trattamento dei dati personali avviene con supporto di mezzi cartacei ed informatici e si realizza esclusivamente attraverso le fasi di raccolta, registrazione, organizzazione, conservazione, classificazione, comunicazione, cancellazione e distruzione dei dati, effettuate da parte del personale addetto nell\u2019ambito dell\u2019attivit\u00e0 di propria competenza e a seguito di opportuno addestramento. I dati sono conservati presso la nostra sede e verranno trattati per tutta la durata dei rapporti contrattuali instaurati e anche successivamente per l\u2019espletamento di tutti gli adempimenti di legge.<br>\n  I dati relativi allo svolgimento dell\u2019attivit\u00e0 economica sono trattati nel rispetto della vigente normativa in materia di segreto aziendale ed industriale. Sono impiegate misure di sicurezza volte a garantire la necessaria riservatezza ed evitare l\u2019indebito accesso a soggetti terzi o persone non autorizzate.<\/p>\n<p align=\"justify\">&nbsp;<\/p>\n<p align=\"justify\" class=\"Stile2 rightTxt\"><strong>Ambito di comunicazione e diffusione dei dati<\/strong><\/p>\n<p align=\"justify\">Ferme restando le comunicazioni e diffusioni effettuate in esecuzione di obblighi di legge, i dati sono resi disponibili esclusivamente per le finalit\u00e0 sopra elencate e potranno essere comunicati (per i soli aspetti inerenti l\u2019attivit\u00e0 specifica da eseguire), in ambito nazionale e\/o internazionale, ai seguenti altri soggetti :  <\/p>\n<p align=\"justify\">\u2022 Enti di accreditamento;  <\/p>\n<p align=\"justify\">\u2022 Professionisti e societ\u00e0 esterne che collaborano per le attivit\u00e0 di audit;  <\/p>\n<p align=\"justify\">\u2022 Professionisti e societ\u00e0 esterne che svolgono attivit\u00e0 per la gestione e il controllo della nostra attivit\u00e0 imprenditoriale;  <\/p>\n<p align=\"justify\">\u2022 Banche o Istituti di credito;<\/p>\n<p align=\"justify\"> \u2022 Societ\u00e0 o enti di recupero del credito.  <\/p>\n<p align=\"justify\">&nbsp;<\/p>\n<p align=\"justify\">Viene altres\u00ec divulgato a terzi, attraverso mezzi verbali, cartacei, rete internet e sito web, lo stato di validit\u00e0 della certificazione dell\u2019organizzazione cliente (certificata, sospesa, cancellata), indicando denominazione sociale, indirizzo, norma di riferimento, scopo di certificazione e numero di certificato, codice fiscale e partita IVA.<br>\n  In nessun caso i dati personali in nostro possesso verranno diffusi o comunicati a soggetti terzi a fini commerciali, fatti salvi i limiti di cui all&#8217;art. 16 D. Lgs 196\/2003.<\/p>\n<p align=\"justify\">&nbsp;<\/p>\n<p align=\"justify\"><strong>Diritti dell\u2019interessato<\/strong><\/p>\n<p align=\"justify\">Relativamente ai dati personali, la Vostra organizzazione pu\u00f2 in ogni momento esercitare i diritti previsti dall\u2019art. 7 del D. Lgs. N.196\/2003nei limiti ed alle condizioni previste dagli articoli 8, 9 e 10 del medesimo decreto, inoltrando una richiesta a mezzo raccomandata, fax o e-mail, al titolare del trattamento dei dati personali. Gli indirizzi sono riportati nell&#8217;apposita pagina di questo sito. <\/p>","protected":false},"excerpt":{"rendered":"<p>Informativa per il trattamento dei dati personali ex. Art 13 &#8211; D. Lgs. N.196\/2003 del 30 Giugno 2003 &nbsp; Per l\u2019instaurazione e l\u2019esecuzione dei rapporti contrattuali con i propri clienti, la seguente societ\u00e0 viene in possesso di dati anagrafici, fiscali ed inerenti l\u2019oggetto sociale\/aziendale relativo, acquisiti anche verbalmente, direttamente o tramite terzi. Ai sensi del [&#8230;]\n","protected":false},"author":2,"featured_media":0,"parent":0,"menu_order":0,"comment_status":"closed","ping_status":"closed","template":"","meta":{"footnotes":""},"class_list":["post-169","page","type-page","status-publish","hentry"],"_links":{"self":[{"href":"https:\/\/guatemalacoffee.it\/index.php\/wp-json\/wp\/v2\/pages\/169"}],"collection":[{"href":"https:\/\/guatemalacoffee.it\/index.php\/wp-json\/wp\/v2\/pages"}],"about":[{"href":"https:\/\/guatemalacoffee.it\/index.php\/wp-json\/wp\/v2\/types\/page"}],"author":[{"embeddable":true,"href":"https:\/\/guatemalacoffee.it\/index.php\/wp-json\/wp\/v2\/users\/2"}],"replies":[{"embeddable":true,"href":"https:\/\/guatemalacoffee.it\/index.php\/wp-json\/wp\/v2\/comments?post=169"}],"version-history":[{"count":1,"href":"https:\/\/guatemalacoffee.it\/index.php\/wp-json\/wp\/v2\/pages\/169\/revisions"}],"predecessor-version":[{"id":170,"href":"https:\/\/guatemalacoffee.it\/index.php\/wp-json\/wp\/v2\/pages\/169\/revisions\/170"}],"wp:attachment":[{"href":"https:\/\/guatemalacoffee.it\/index.php\/wp-json\/wp\/v2\/media?parent=169"}],"curies":[{"name":"wp","href":"https:\/\/api.w.org\/{rel}","templated":true}]}}