{"id":171,"date":"2022-01-21T15:24:37","date_gmt":"2022-01-21T15:24:37","guid":{"rendered":"https:\/\/guatemalacoffee.it\/?page_id=171"},"modified":"2022-01-21T15:24:38","modified_gmt":"2022-01-21T15:24:38","slug":"cookie-policy","status":"publish","type":"page","link":"https:\/\/guatemalacoffee.it\/index.php\/cookie-policy\/","title":{"rendered":"Cookie Policy"},"content":{"rendered":"<p style=\"text-align: justify;\"><strong>A cosa servono<\/strong><br>I cookie sono da noi utilizzati per assicurare all\u00b4utente la migliore esperienza nel nostro sito. <br>Questo sito utilizza i cookie, anche di terze parti, per inviare messaggi promozionali personalizzati.<\/p>\n<p style=\"text-align: justify;\"><strong>Tipologie di cookie<\/strong><br>I cookie sono categorizzati come segue.<br>Cookie di sessione. Cookie automaticamente cancellati quando l\u00b4utente chiude il browser.<br>Cookie persistenti. Cookie che restano memorizzati nel dispositivo dell\u00b4utente sino al raggiungimento di una determinata data di terminazione (in termini di minuti, giorni o anni dalla creazione\/aggiornamento del cookie).<br>Cookie di terze parti. Cookie memorizzati per conto di soggetti terzi.<br>E possibile controllare ed eliminare i singoli cookie utilizzando le impostazioni della maggior parte dei browser. Ci\u00f2, tuttavia, potrebbe impedire di utilizzare correttamente alcune funzioni del nostro sito web. <br>Per saperne di pi\u00f9 \u00e8 possibile fare riferimento a www.aboutcookies.org o www.allaboutcookies.org.<\/p>\n<p style=\"text-align: justify;\"><strong>Gestione dei cookie direttamente dal sito<\/strong><br>Per ottimizzare la tua esperienza anche nella gestione dei cookie, abbiamo deciso di organizzare i cookie utilizzati da questo sito in quattro categorie, in base alle finalit\u00e0 perseguite: essential, comfort, performance, advertising.<\/p>\n<p style=\"text-align: justify;\">Essential: Questi cookie sono indispensabili per il regolare funzionamento del sito e delle relative funzioni. Esempi: cookie di autenticazione.<br>Comfort: Questi cookie consentono di migliorare il comfort e l\u00b4usabilit\u00e0 dei siti Internet e di mettere a disposizione svariate funzioni. Ad esempio, nei cookie comfort \u00e8 possibile memorizzare i risultati delle ricerche, le impostazioni della lingua, la dimensione del carattere.<br>Performance: Questi cookie raccolgono informazioni su come sono utilizzati i siti Internet. I cookie prestazionali ci aiutano per esempio a stabilire quali sono i settori pi\u00f9 popolari del nostro sito. Questo ci permette di adattare i contenuti delle pagine Internet ai vostri desideri e al contempo di migliorare i servizi Internet offerti.<br>Advertising: Questi cookie sono utilizzati per personalizzare l\u00b4invio delle informazioni e delle comunicazioni pubblicitarie, in funzione degli interessi dell\u00b4utente, ad es. in base alle pagine visitate.<\/p>","protected":false},"excerpt":{"rendered":"<p>A cosa servonoI cookie sono da noi utilizzati per assicurare all\u00b4utente la migliore esperienza nel nostro sito. Questo sito utilizza i cookie, anche di terze parti, per inviare messaggi promozionali personalizzati. Tipologie di cookieI cookie sono categorizzati come segue.Cookie di sessione. Cookie automaticamente cancellati quando l\u00b4utente chiude il browser.Cookie persistenti. Cookie che restano memorizzati nel [&#8230;]\n","protected":false},"author":2,"featured_media":0,"parent":0,"menu_order":0,"comment_status":"closed","ping_status":"closed","template":"","meta":{"footnotes":""},"class_list":["post-171","page","type-page","status-publish","hentry"],"_links":{"self":[{"href":"https:\/\/guatemalacoffee.it\/index.php\/wp-json\/wp\/v2\/pages\/171"}],"collection":[{"href":"https:\/\/guatemalacoffee.it\/index.php\/wp-json\/wp\/v2\/pages"}],"about":[{"href":"https:\/\/guatemalacoffee.it\/index.php\/wp-json\/wp\/v2\/types\/page"}],"author":[{"embeddable":true,"href":"https:\/\/guatemalacoffee.it\/index.php\/wp-json\/wp\/v2\/users\/2"}],"replies":[{"embeddable":true,"href":"https:\/\/guatemalacoffee.it\/index.php\/wp-json\/wp\/v2\/comments?post=171"}],"version-history":[{"count":1,"href":"https:\/\/guatemalacoffee.it\/index.php\/wp-json\/wp\/v2\/pages\/171\/revisions"}],"predecessor-version":[{"id":172,"href":"https:\/\/guatemalacoffee.it\/index.php\/wp-json\/wp\/v2\/pages\/171\/revisions\/172"}],"wp:attachment":[{"href":"https:\/\/guatemalacoffee.it\/index.php\/wp-json\/wp\/v2\/media?parent=171"}],"curies":[{"name":"wp","href":"https:\/\/api.w.org\/{rel}","templated":true}]}}